{"id":1676,"date":"2020-02-03T13:53:10","date_gmt":"2020-02-03T12:53:10","guid":{"rendered":"http:\/\/relaunch.bibeltage.net\/?page_id=1676"},"modified":"2020-02-03T13:53:37","modified_gmt":"2020-02-03T12:53:37","slug":"mentions-legales","status":"publish","type":"page","link":"https:\/\/www.bibeltage.net\/fr\/mentions-legales\/","title":{"rendered":"Mentions l\u00e9gales"},"content":{"rendered":"<h1>Mentions l\u00e9gales<\/h1>\n<h2>Informations conform\u00e9ment \u00e0 l&rsquo;article 5 de la TMG<\/h2>\n<p>Luc Alt<br \/>\nGerberstrasse 13<br \/>\nB-4780 St. Vith<\/p>\n<h2>Contactez<\/h2>\n<p>e-mail : info@bibeltage.net<\/p>\n<h3>Responsabilit\u00e9 du contenu<\/h3>\n<p>En tant que prestataire de services, nous sommes responsables de nos propres contenus sur ces pages, conform\u00e9ment \u00e0 l&rsquo;article 7, paragraphe 1, de la loi allemande sur les t\u00e9l\u00e9m\u00e9dias (TMG) et aux lois g\u00e9n\u00e9rales. Conform\u00e9ment aux articles 8 \u00e0 10 de la TMG, nous ne sommes pas tenus de surveiller les informations externes transmises ou stock\u00e9es ni d&rsquo;enqu\u00eater sur les circonstances qui indiquent une activit\u00e9 ill\u00e9gale.<\/p>\n<p>Les obligations de supprimer ou de bloquer l&rsquo;utilisation des informations conform\u00e9ment aux lois g\u00e9n\u00e9rales restent inchang\u00e9es. Toutefois, la responsabilit\u00e9 \u00e0 cet \u00e9gard n&rsquo;est possible qu&rsquo;\u00e0 partir du moment o\u00f9 l&rsquo;on a connaissance d&rsquo;une infraction concr\u00e8te. Si nous avons connaissance de telles infractions, nous retirerons imm\u00e9diatement ce contenu.<\/p>\n<h3>Responsabilit\u00e9 des liens<\/h3>\n<p>Notre offre contient des liens vers des sites web externes de tiers, sur le contenu desquels nous n&rsquo;avons aucune influence. Nous ne pouvons donc assumer aucune responsabilit\u00e9 pour ces contenus externes. Le fournisseur ou l&rsquo;exploitant respectif des sites est toujours responsable du contenu des sites li\u00e9s. Les pages li\u00e9es ont \u00e9t\u00e9 v\u00e9rifi\u00e9es au moment de l&rsquo;\u00e9tablissement du lien afin de d\u00e9tecter d&rsquo;\u00e9ventuelles violations de la loi. Les contenus ill\u00e9gaux n&rsquo;\u00e9taient pas identifiables au moment de la cr\u00e9ation du lien.<\/p>\n<p>Cependant, un contr\u00f4le permanent du contenu des pages li\u00e9es n&rsquo;est pas raisonnable sans preuve concr\u00e8te d&rsquo;une violation de la loi. Si nous avons connaissance d&rsquo;infractions, nous supprimerons imm\u00e9diatement ces liens.<\/p>\n<h3>Copyright<\/h3>\n<p>Le contenu et les \u0153uvres de ces pages cr\u00e9\u00e9es par les op\u00e9rateurs du site sont soumis \u00e0 la loi allemande sur le droit d&rsquo;auteur. La reproduction, l&rsquo;\u00e9dition, la distribution et tout type d&rsquo;utilisation en dehors des limites de la loi sur le droit d&rsquo;auteur n\u00e9cessitent le consentement \u00e9crit de l&rsquo;auteur ou du cr\u00e9ateur respectif. Les t\u00e9l\u00e9chargements et les copies de ces pages ne sont autoris\u00e9s que pour un usage priv\u00e9 et non commercial.<\/p>\n<p>Dans la mesure o\u00f9 le contenu de ce site n&rsquo;a pas \u00e9t\u00e9 cr\u00e9\u00e9 par l&rsquo;op\u00e9rateur, les droits d&rsquo;auteur des tiers sont respect\u00e9s. En particulier, les contenus de tiers sont marqu\u00e9s comme tels. Si vous avez n\u00e9anmoins connaissance d&rsquo;une infraction au droit d&rsquo;auteur, veuillez nous en informer. Si nous avons connaissance d&rsquo;une infraction, nous retirerons imm\u00e9diatement ces contenus.<\/p>\n<p>Source : https:\/\/www.e-recht24.de<\/p>\n<h3>Mise en \u0153uvre technique<\/h3>\n<p><a href=\"https:\/\/www.trademarcdesign.de\" target=\"_blank\" rel=\"noopener noreferrer\"><img loading=\"lazy\" decoding=\"async\" class=\"alignnone size-medium wp-image-1088\" src=\"https:\/\/www.bibeltage.net\/wp-content\/uploads\/2019\/09\/Logo-heller-Hintergrund-300x63-300x63.png\" alt=\"\" width=\"300\" height=\"63\" \/><\/a><\/p>\n<p><a href=\"https:\/\/www.trademarcdesign.de\" target=\"_blank\" rel=\"noopener noreferrer\">Trademarc &#8211; Web, Apps, Print &amp; Mehr<br \/>\nHochofenweg 8, 35688 Dillenburg Oberscheld (DE)<\/a><\/p>\n","protected":false},"excerpt":{"rendered":"<p>Mentions l\u00e9gales Informations conform\u00e9ment \u00e0 l&rsquo;article 5 de la TMG Luc Alt Gerberstrasse 13 B-4780 St. Vith Contactez e-mail : info@bibeltage.net Responsabilit\u00e9 du contenu En tant que prestataire de services, nous sommes responsables de nos propres contenus sur ces pages, conform\u00e9ment \u00e0 l&rsquo;article 7, paragraphe 1, de la loi allemande sur les t\u00e9l\u00e9m\u00e9dias (TMG) et &#8230; <a title=\"Mentions l\u00e9gales\" class=\"read-more\" href=\"https:\/\/www.bibeltage.net\/fr\/mentions-legales\/\" aria-label=\"En savoir plus sur Mentions l\u00e9gales\">Lire plus<\/a><\/p>\n","protected":false},"author":1,"featured_media":0,"parent":0,"menu_order":0,"comment_status":"closed","ping_status":"closed","template":"","meta":{"_acf_changed":false,"footnotes":""},"class_list":["post-1676","page","type-page","status-publish"],"acf":[],"yoast_head":"<!-- This site is optimized with the Yoast SEO plugin v27.3 - https:\/\/yoast.com\/product\/yoast-seo-wordpress\/ -->\n<title>Mentions l\u00e9gales - Journ\u00e9es Bibliques St. Vith<\/title>\n<meta name=\"robots\" content=\"index, follow, max-snippet:-1, max-image-preview:large, max-video-preview:-1\" \/>\n<link rel=\"canonical\" href=\"https:\/\/www.bibeltage.net\/fr\/mentions-legales\/\" \/>\n<meta property=\"og:locale\" content=\"fr_FR\" \/>\n<meta property=\"og:type\" content=\"article\" \/>\n<meta property=\"og:title\" content=\"Mentions l\u00e9gales - Journ\u00e9es Bibliques St. Vith\" \/>\n<meta property=\"og:description\" content=\"Mentions l\u00e9gales Informations conform\u00e9ment \u00e0 l&rsquo;article 5 de la TMG Luc Alt Gerberstrasse 13 B-4780 St. Vith Contactez e-mail : info@bibeltage.net Responsabilit\u00e9 du contenu En tant que prestataire de services, nous sommes responsables de nos propres contenus sur ces pages, conform\u00e9ment \u00e0 l&rsquo;article 7, paragraphe 1, de la loi allemande sur les t\u00e9l\u00e9m\u00e9dias (TMG) et ... Lire plus\" \/>\n<meta property=\"og:url\" content=\"https:\/\/www.bibeltage.net\/fr\/mentions-legales\/\" \/>\n<meta property=\"og:site_name\" content=\"Journ\u00e9es Bibliques St. Vith\" \/>\n<meta property=\"article:modified_time\" content=\"2020-02-03T12:53:37+00:00\" \/>\n<meta property=\"og:image\" content=\"https:\/\/www.bibeltage.net\/wp-content\/uploads\/2019\/09\/Logo-heller-Hintergrund-300x63-300x63.png\" \/>\n<meta name=\"twitter:card\" content=\"summary_large_image\" \/>\n<meta name=\"twitter:label1\" content=\"Dur\u00e9e de lecture estim\u00e9e\" \/>\n\t<meta name=\"twitter:data1\" content=\"2 minutes\" \/>\n<script type=\"application\/ld+json\" class=\"yoast-schema-graph\">{\"@context\":\"https:\\\/\\\/schema.org\",\"@graph\":[{\"@type\":\"WebPage\",\"@id\":\"https:\\\/\\\/www.bibeltage.net\\\/fr\\\/mentions-legales\\\/\",\"url\":\"https:\\\/\\\/www.bibeltage.net\\\/fr\\\/mentions-legales\\\/\",\"name\":\"Mentions l\u00e9gales - Journ\u00e9es Bibliques St. Vith\",\"isPartOf\":{\"@id\":\"https:\\\/\\\/www.bibeltage.net\\\/#website\"},\"primaryImageOfPage\":{\"@id\":\"https:\\\/\\\/www.bibeltage.net\\\/fr\\\/mentions-legales\\\/#primaryimage\"},\"image\":{\"@id\":\"https:\\\/\\\/www.bibeltage.net\\\/fr\\\/mentions-legales\\\/#primaryimage\"},\"thumbnailUrl\":\"https:\\\/\\\/www.bibeltage.net\\\/wp-content\\\/uploads\\\/2019\\\/09\\\/Logo-heller-Hintergrund-300x63-300x63.png\",\"datePublished\":\"2020-02-03T12:53:10+00:00\",\"dateModified\":\"2020-02-03T12:53:37+00:00\",\"breadcrumb\":{\"@id\":\"https:\\\/\\\/www.bibeltage.net\\\/fr\\\/mentions-legales\\\/#breadcrumb\"},\"inLanguage\":\"fr-FR\",\"potentialAction\":[{\"@type\":\"ReadAction\",\"target\":[\"https:\\\/\\\/www.bibeltage.net\\\/fr\\\/mentions-legales\\\/\"]}]},{\"@type\":\"ImageObject\",\"inLanguage\":\"fr-FR\",\"@id\":\"https:\\\/\\\/www.bibeltage.net\\\/fr\\\/mentions-legales\\\/#primaryimage\",\"url\":\"https:\\\/\\\/www.bibeltage.net\\\/wp-content\\\/uploads\\\/2019\\\/09\\\/Logo-heller-Hintergrund-300x63-300x63.png\",\"contentUrl\":\"https:\\\/\\\/www.bibeltage.net\\\/wp-content\\\/uploads\\\/2019\\\/09\\\/Logo-heller-Hintergrund-300x63-300x63.png\"},{\"@type\":\"BreadcrumbList\",\"@id\":\"https:\\\/\\\/www.bibeltage.net\\\/fr\\\/mentions-legales\\\/#breadcrumb\",\"itemListElement\":[{\"@type\":\"ListItem\",\"position\":1,\"name\":\"Home\",\"item\":\"https:\\\/\\\/www.bibeltage.net\\\/fr\\\/\"},{\"@type\":\"ListItem\",\"position\":2,\"name\":\"Mentions l\u00e9gales\"}]},{\"@type\":\"WebSite\",\"@id\":\"https:\\\/\\\/www.bibeltage.net\\\/#website\",\"url\":\"https:\\\/\\\/www.bibeltage.net\\\/\",\"name\":\"Journ\u00e9es Bibliques St. Vith\",\"description\":\"Gemeinsam im Glauben wachsen.\",\"publisher\":{\"@id\":\"https:\\\/\\\/www.bibeltage.net\\\/#organization\"},\"potentialAction\":[{\"@type\":\"SearchAction\",\"target\":{\"@type\":\"EntryPoint\",\"urlTemplate\":\"https:\\\/\\\/www.bibeltage.net\\\/?s={search_term_string}\"},\"query-input\":{\"@type\":\"PropertyValueSpecification\",\"valueRequired\":true,\"valueName\":\"search_term_string\"}}],\"inLanguage\":\"fr-FR\"},{\"@type\":\"Organization\",\"@id\":\"https:\\\/\\\/www.bibeltage.net\\\/#organization\",\"name\":\"Bibeltage St.Vith\",\"url\":\"https:\\\/\\\/www.bibeltage.net\\\/\",\"logo\":{\"@type\":\"ImageObject\",\"inLanguage\":\"fr-FR\",\"@id\":\"https:\\\/\\\/www.bibeltage.net\\\/#\\\/schema\\\/logo\\\/image\\\/\",\"url\":\"https:\\\/\\\/www.bibeltage.net\\\/wp-content\\\/uploads\\\/2019\\\/09\\\/signet-blau-1-e1568297353682.png\",\"contentUrl\":\"https:\\\/\\\/www.bibeltage.net\\\/wp-content\\\/uploads\\\/2019\\\/09\\\/signet-blau-1-e1568297353682.png\",\"width\":74,\"height\":71,\"caption\":\"Bibeltage St.Vith\"},\"image\":{\"@id\":\"https:\\\/\\\/www.bibeltage.net\\\/#\\\/schema\\\/logo\\\/image\\\/\"}}]}<\/script>\n<!-- \/ Yoast SEO plugin. -->","yoast_head_json":{"title":"Mentions l\u00e9gales - Journ\u00e9es Bibliques St. Vith","robots":{"index":"index","follow":"follow","max-snippet":"max-snippet:-1","max-image-preview":"max-image-preview:large","max-video-preview":"max-video-preview:-1"},"canonical":"https:\/\/www.bibeltage.net\/fr\/mentions-legales\/","og_locale":"fr_FR","og_type":"article","og_title":"Mentions l\u00e9gales - Journ\u00e9es Bibliques St. Vith","og_description":"Mentions l\u00e9gales Informations conform\u00e9ment \u00e0 l&rsquo;article 5 de la TMG Luc Alt Gerberstrasse 13 B-4780 St. Vith Contactez e-mail : info@bibeltage.net Responsabilit\u00e9 du contenu En tant que prestataire de services, nous sommes responsables de nos propres contenus sur ces pages, conform\u00e9ment \u00e0 l&rsquo;article 7, paragraphe 1, de la loi allemande sur les t\u00e9l\u00e9m\u00e9dias (TMG) et ... Lire plus","og_url":"https:\/\/www.bibeltage.net\/fr\/mentions-legales\/","og_site_name":"Journ\u00e9es Bibliques St. Vith","article_modified_time":"2020-02-03T12:53:37+00:00","og_image":[{"url":"https:\/\/www.bibeltage.net\/wp-content\/uploads\/2019\/09\/Logo-heller-Hintergrund-300x63-300x63.png","type":"","width":"","height":""}],"twitter_card":"summary_large_image","twitter_misc":{"Dur\u00e9e de lecture estim\u00e9e":"2 minutes"},"schema":{"@context":"https:\/\/schema.org","@graph":[{"@type":"WebPage","@id":"https:\/\/www.bibeltage.net\/fr\/mentions-legales\/","url":"https:\/\/www.bibeltage.net\/fr\/mentions-legales\/","name":"Mentions l\u00e9gales - Journ\u00e9es Bibliques St. Vith","isPartOf":{"@id":"https:\/\/www.bibeltage.net\/#website"},"primaryImageOfPage":{"@id":"https:\/\/www.bibeltage.net\/fr\/mentions-legales\/#primaryimage"},"image":{"@id":"https:\/\/www.bibeltage.net\/fr\/mentions-legales\/#primaryimage"},"thumbnailUrl":"https:\/\/www.bibeltage.net\/wp-content\/uploads\/2019\/09\/Logo-heller-Hintergrund-300x63-300x63.png","datePublished":"2020-02-03T12:53:10+00:00","dateModified":"2020-02-03T12:53:37+00:00","breadcrumb":{"@id":"https:\/\/www.bibeltage.net\/fr\/mentions-legales\/#breadcrumb"},"inLanguage":"fr-FR","potentialAction":[{"@type":"ReadAction","target":["https:\/\/www.bibeltage.net\/fr\/mentions-legales\/"]}]},{"@type":"ImageObject","inLanguage":"fr-FR","@id":"https:\/\/www.bibeltage.net\/fr\/mentions-legales\/#primaryimage","url":"https:\/\/www.bibeltage.net\/wp-content\/uploads\/2019\/09\/Logo-heller-Hintergrund-300x63-300x63.png","contentUrl":"https:\/\/www.bibeltage.net\/wp-content\/uploads\/2019\/09\/Logo-heller-Hintergrund-300x63-300x63.png"},{"@type":"BreadcrumbList","@id":"https:\/\/www.bibeltage.net\/fr\/mentions-legales\/#breadcrumb","itemListElement":[{"@type":"ListItem","position":1,"name":"Home","item":"https:\/\/www.bibeltage.net\/fr\/"},{"@type":"ListItem","position":2,"name":"Mentions l\u00e9gales"}]},{"@type":"WebSite","@id":"https:\/\/www.bibeltage.net\/#website","url":"https:\/\/www.bibeltage.net\/","name":"Journ\u00e9es Bibliques St. Vith","description":"Gemeinsam im Glauben wachsen.","publisher":{"@id":"https:\/\/www.bibeltage.net\/#organization"},"potentialAction":[{"@type":"SearchAction","target":{"@type":"EntryPoint","urlTemplate":"https:\/\/www.bibeltage.net\/?s={search_term_string}"},"query-input":{"@type":"PropertyValueSpecification","valueRequired":true,"valueName":"search_term_string"}}],"inLanguage":"fr-FR"},{"@type":"Organization","@id":"https:\/\/www.bibeltage.net\/#organization","name":"Bibeltage St.Vith","url":"https:\/\/www.bibeltage.net\/","logo":{"@type":"ImageObject","inLanguage":"fr-FR","@id":"https:\/\/www.bibeltage.net\/#\/schema\/logo\/image\/","url":"https:\/\/www.bibeltage.net\/wp-content\/uploads\/2019\/09\/signet-blau-1-e1568297353682.png","contentUrl":"https:\/\/www.bibeltage.net\/wp-content\/uploads\/2019\/09\/signet-blau-1-e1568297353682.png","width":74,"height":71,"caption":"Bibeltage St.Vith"},"image":{"@id":"https:\/\/www.bibeltage.net\/#\/schema\/logo\/image\/"}}]}},"_links":{"self":[{"href":"https:\/\/www.bibeltage.net\/fr\/wp-json\/wp\/v2\/pages\/1676","targetHints":{"allow":["GET"]}}],"collection":[{"href":"https:\/\/www.bibeltage.net\/fr\/wp-json\/wp\/v2\/pages"}],"about":[{"href":"https:\/\/www.bibeltage.net\/fr\/wp-json\/wp\/v2\/types\/page"}],"author":[{"embeddable":true,"href":"https:\/\/www.bibeltage.net\/fr\/wp-json\/wp\/v2\/users\/1"}],"replies":[{"embeddable":true,"href":"https:\/\/www.bibeltage.net\/fr\/wp-json\/wp\/v2\/comments?post=1676"}],"version-history":[{"count":2,"href":"https:\/\/www.bibeltage.net\/fr\/wp-json\/wp\/v2\/pages\/1676\/revisions"}],"predecessor-version":[{"id":1678,"href":"https:\/\/www.bibeltage.net\/fr\/wp-json\/wp\/v2\/pages\/1676\/revisions\/1678"}],"wp:attachment":[{"href":"https:\/\/www.bibeltage.net\/fr\/wp-json\/wp\/v2\/media?parent=1676"}],"curies":[{"name":"wp","href":"https:\/\/api.w.org\/{rel}","templated":true}]}}