{"id":1673,"date":"2020-02-03T13:50:51","date_gmt":"2020-02-03T12:50:51","guid":{"rendered":"http:\/\/relaunch.bibeltage.net\/?page_id=1673"},"modified":"2020-02-03T13:50:51","modified_gmt":"2020-02-03T12:50:51","slug":"politique-de-confidentialite","status":"publish","type":"page","link":"https:\/\/www.bibeltage.net\/fr\/politique-de-confidentialite\/","title":{"rendered":"Politique de confidentialit\u00e9"},"content":{"rendered":"<h1>Politique de confidentialit\u00e9<\/h1>\n<p>Responsable au sens des lois sur la protection des donn\u00e9es, en particulier le r\u00e8glement de base de l&rsquo;UE sur la protection des donn\u00e9es (DSGVO), est<\/p>\n<p>Luc Alt, Gerberstrasse 12, B &#8211; 4780 St. Vith<\/p>\n<p>Vos droits en tant que personne concern\u00e9e<\/p>\n<p>Vous pouvez exercer les droits suivants \u00e0 tout moment en contactant notre responsable de la protection des donn\u00e9es :<\/p>\n<ul>\n<li>Informations sur vos donn\u00e9es stock\u00e9es chez nous et leur traitement (art. 15 DSGVO),<\/li>\n<li>Correction de donn\u00e9es personnelles incorrectes (art. 16 de la LPD),<\/li>\n<li>Suppression de vos donn\u00e9es stock\u00e9es chez nous (art. 17 DSGVO),<\/li>\n<li>Restriction du traitement des donn\u00e9es, dans la mesure o\u00f9 nous ne sommes pas encore autoris\u00e9s \u00e0 supprimer vos donn\u00e9es en raison d&rsquo;obligations l\u00e9gales (art. 18 DSGVO),<\/li>\n<li>Opposition au traitement de vos donn\u00e9es par nos soins (art. 21 DSGVO) et<\/li>\n<li>La transf\u00e9rabilit\u00e9 des donn\u00e9es, \u00e0 condition que vous ayez consenti au traitement des donn\u00e9es ou que vous ayez conclu un contrat avec nous (art. 20 DSGVO).<\/li>\n<\/ul>\n<p>Si vous nous avez donn\u00e9 votre consentement, vous pouvez le r\u00e9voquer \u00e0 tout moment avec effet pour l&rsquo;avenir.<\/p>\n<p>Vous pouvez \u00e0 tout moment d\u00e9poser une plainte aupr\u00e8s d&rsquo;une autorit\u00e9 de contr\u00f4le, par exemple aupr\u00e8s de l&rsquo;autorit\u00e9 de contr\u00f4le comp\u00e9tente de l&rsquo;\u00c9tat f\u00e9d\u00e9ral de votre r\u00e9sidence ou aupr\u00e8s de l&rsquo;autorit\u00e9 responsable de nous en tant qu&rsquo;organisme responsable.<\/p>\n<p>Une liste des autorit\u00e9s de contr\u00f4le (pour le secteur non public) avec leurs adresses est disponible \u00e0 l&rsquo;adresse suivante : https:\/\/www.bfdi.bund.de\/DE\/Infothek\/Anschriften_Links\/anschriften_links-node.html.<\/p>\n<h2>Collecte d&rsquo;informations g\u00e9n\u00e9rales lors de la visite de notre site web<\/h2>\n<h3>La nature et la finalit\u00e9 du traitement :<\/h3>\n<p>Lorsque vous acc\u00e9dez \u00e0 notre site web, c&rsquo;est-\u00e0-dire lorsque vous ne vous inscrivez pas ou ne fournissez pas d&rsquo;autres informations, des informations de nature g\u00e9n\u00e9rale sont automatiquement collect\u00e9es. Ces informations (fichiers journaux du serveur) comprennent, par exemple, le type de navigateur web, le syst\u00e8me d&rsquo;exploitation utilis\u00e9, le nom de domaine de votre fournisseur d&rsquo;acc\u00e8s \u00e0 Internet, votre adresse IP et autres.<\/p>\n<p>Ils sont notamment trait\u00e9s aux fins suivantes :<\/p>\n<ul>\n<li>Assurer une connexion sans probl\u00e8me du site web,<\/li>\n<li>Veiller \u00e0 une utilisation harmonieuse de notre site web,<\/li>\n<li>\u00c9valuation de la s\u00e9curit\u00e9 et de la stabilit\u00e9 du syst\u00e8me et<\/li>\n<li>\u00e0 d&rsquo;autres fins administratives.<\/li>\n<\/ul>\n<p>Nous n&rsquo;utilisons pas vos donn\u00e9es pour tirer des conclusions sur votre personne. Nous \u00e9valuons statistiquement ce type d&rsquo;informations, si n\u00e9cessaire, afin d&rsquo;optimiser notre pr\u00e9sence sur Internet et la technologie qui la sous-tend.<\/p>\n<h3>Base juridique :<\/h3>\n<p>Le traitement est effectu\u00e9 conform\u00e9ment \u00e0 l&rsquo;art. 6, al. 1, lit. f DSGVO sur la base de notre int\u00e9r\u00eat l\u00e9gitime \u00e0 am\u00e9liorer la stabilit\u00e9 et la fonctionnalit\u00e9 de notre site web.<\/p>\n<h3>Destinataire :<\/h3>\n<p>Les destinataires des donn\u00e9es peuvent \u00eatre des prestataires de services techniques qui agissent en tant que sous-traitants pour l&rsquo;exploitation et la maintenance de notre site web.<\/p>\n<h3>Dur\u00e9e de conservation :<\/h3>\n<p>Les donn\u00e9es sont supprim\u00e9es d\u00e8s qu&rsquo;elles ne sont plus n\u00e9cessaires aux fins de la collecte. C&rsquo;est g\u00e9n\u00e9ralement le cas pour les donn\u00e9es utilis\u00e9es pour fournir le site web, lorsque la session respective est termin\u00e9e.<\/p>\n<h3>Disposition prescrite ou n\u00e9cessaire :<\/h3>\n<p>La fourniture des donn\u00e9es personnelles susmentionn\u00e9es n&rsquo;est pas requise par la loi ou par un contrat. Toutefois, sans l&rsquo;adresse IP, le service et la fonctionnalit\u00e9 de notre site web ne peuvent \u00eatre garantis. En outre, certains services et prestations peuvent ne pas \u00eatre disponibles ou \u00eatre limit\u00e9s. Pour cette raison, une objection est exclue.<\/p>\n<h2>Formulaire de contact<\/h2>\n<h3>La nature et la finalit\u00e9 du traitement :<\/h3>\n<p>Les donn\u00e9es que vous avez saisies seront stock\u00e9es dans le but de communiquer individuellement avec vous. Pour cela, il est n\u00e9cessaire de saisir une adresse \u00e9lectronique valide et votre nom. Cela permet d&rsquo;attribuer la demande et d&rsquo;y r\u00e9pondre ensuite. La sp\u00e9cification d&rsquo;autres donn\u00e9es est facultative.<\/p>\n<h3>Base juridique :<\/h3>\n<p>Le traitement des donn\u00e9es saisies dans le formulaire de contact est fond\u00e9 sur un int\u00e9r\u00eat l\u00e9gitime (art. 6 al. 1 lit. f DSGVO).<\/p>\n<p>En mettant \u00e0 votre disposition le formulaire de contact, nous souhaitons vous permettre de nous contacter de mani\u00e8re simple. Les informations que vous fournissez seront conserv\u00e9es pour le traitement de votre demande et pour d&rsquo;\u00e9ventuelles questions de suivi.<\/p>\n<p>Si vous nous contactez afin de demander une offre, les donn\u00e9es saisies dans le formulaire de contact seront trait\u00e9es aux fins de la mise en \u0153uvre de mesures pr\u00e9contractuelles (art. 6 al. 1 lit. b DSGVO).<\/p>\n<h3>destinataire :<\/h3>\n<p>Les destinataires des donn\u00e9es peuvent \u00eatre des sous-traitants sous contrat.<\/p>\n<h3>Dur\u00e9e de conservation :<\/h3>\n<p>Les donn\u00e9es seront supprim\u00e9es au plus tard 6 mois apr\u00e8s le traitement de la demande.<\/p>\n<p>Si une relation contractuelle est \u00e9tablie, nous sommes soumis aux d\u00e9lais de conservation l\u00e9gaux pr\u00e9vus par le code de commerce allemand (HGB) et nous effa\u00e7ons vos donn\u00e9es apr\u00e8s l&rsquo;expiration de ces d\u00e9lais.<\/p>\n<h3>Disposition prescrite ou n\u00e9cessaire :<\/h3>\n<p>La communication de vos donn\u00e9es personnelles est volontaire. Toutefois, nous ne pouvons traiter votre demande que si vous nous communiquez votre nom, votre adresse \u00e9lectronique et la raison de votre demande.<\/p>\n<h2>Cryptage SSL<\/h2>\n<p>Pour prot\u00e9ger la s\u00e9curit\u00e9 de vos donn\u00e9es lors de leur transmission, nous utilisons des proc\u00e9dures de cryptage de pointe (par exemple SSL) via HTTPS.<\/p>\n<h2>Modifications de notre r\u00e9glementation en mati\u00e8re de protection des donn\u00e9es<\/h2>\n<p>Nous nous r\u00e9servons le droit d&rsquo;adapter la pr\u00e9sente d\u00e9claration de protection des donn\u00e9es afin qu&rsquo;elle soit toujours conforme aux exigences l\u00e9gales en vigueur ou de mettre en \u0153uvre des modifications de nos services dans la d\u00e9claration de protection des donn\u00e9es, par exemple lors de l&rsquo;introduction de nouveaux services. La nouvelle d\u00e9claration de protection des donn\u00e9es s&rsquo;applique alors \u00e0 votre prochaine visite.<\/p>\n<p>La d\u00e9claration sur la protection des donn\u00e9es a \u00e9t\u00e9 cr\u00e9\u00e9e avec l&rsquo;aide d&rsquo;activeMind AG, les experts pour les d\u00e9l\u00e9gu\u00e9s \u00e0 la protection des donn\u00e9es externes (Version #2019-04-10).<\/p>\n","protected":false},"excerpt":{"rendered":"<p>Politique de confidentialit\u00e9 Responsable au sens des lois sur la protection des donn\u00e9es, en particulier le r\u00e8glement de base de l&rsquo;UE sur la protection des donn\u00e9es (DSGVO), est Luc Alt, Gerberstrasse 12, B &#8211; 4780 St. Vith Vos droits en tant que personne concern\u00e9e Vous pouvez exercer les droits suivants \u00e0 tout moment en contactant &#8230; <a title=\"Politique de confidentialit\u00e9\" class=\"read-more\" href=\"https:\/\/www.bibeltage.net\/fr\/politique-de-confidentialite\/\" aria-label=\"En savoir plus sur Politique de confidentialit\u00e9\">Lire plus<\/a><\/p>\n","protected":false},"author":1,"featured_media":0,"parent":0,"menu_order":0,"comment_status":"closed","ping_status":"open","template":"","meta":{"_acf_changed":false,"footnotes":""},"class_list":["post-1673","page","type-page","status-publish"],"acf":[],"yoast_head":"<!-- This site is optimized with the Yoast SEO plugin v27.3 - https:\/\/yoast.com\/product\/yoast-seo-wordpress\/ -->\n<title>Politique de confidentialit\u00e9 - Journ\u00e9es Bibliques St. Vith<\/title>\n<meta name=\"robots\" content=\"index, follow, max-snippet:-1, max-image-preview:large, max-video-preview:-1\" \/>\n<link rel=\"canonical\" href=\"https:\/\/www.bibeltage.net\/fr\/politique-de-confidentialite\/\" \/>\n<meta property=\"og:locale\" content=\"fr_FR\" \/>\n<meta property=\"og:type\" content=\"article\" \/>\n<meta property=\"og:title\" content=\"Politique de confidentialit\u00e9 - Journ\u00e9es Bibliques St. Vith\" \/>\n<meta property=\"og:description\" content=\"Politique de confidentialit\u00e9 Responsable au sens des lois sur la protection des donn\u00e9es, en particulier le r\u00e8glement de base de l&rsquo;UE sur la protection des donn\u00e9es (DSGVO), est Luc Alt, Gerberstrasse 12, B &#8211; 4780 St. Vith Vos droits en tant que personne concern\u00e9e Vous pouvez exercer les droits suivants \u00e0 tout moment en contactant ... Lire plus\" \/>\n<meta property=\"og:url\" content=\"https:\/\/www.bibeltage.net\/fr\/politique-de-confidentialite\/\" \/>\n<meta property=\"og:site_name\" content=\"Journ\u00e9es Bibliques St. Vith\" \/>\n<meta name=\"twitter:card\" content=\"summary_large_image\" \/>\n<meta name=\"twitter:label1\" content=\"Dur\u00e9e de lecture estim\u00e9e\" \/>\n\t<meta name=\"twitter:data1\" content=\"5 minutes\" \/>\n<script type=\"application\/ld+json\" class=\"yoast-schema-graph\">{\"@context\":\"https:\\\/\\\/schema.org\",\"@graph\":[{\"@type\":\"WebPage\",\"@id\":\"https:\\\/\\\/www.bibeltage.net\\\/fr\\\/politique-de-confidentialite\\\/\",\"url\":\"https:\\\/\\\/www.bibeltage.net\\\/fr\\\/politique-de-confidentialite\\\/\",\"name\":\"Politique de confidentialit\u00e9 - Journ\u00e9es Bibliques St. Vith\",\"isPartOf\":{\"@id\":\"https:\\\/\\\/www.bibeltage.net\\\/#website\"},\"datePublished\":\"2020-02-03T12:50:51+00:00\",\"breadcrumb\":{\"@id\":\"https:\\\/\\\/www.bibeltage.net\\\/fr\\\/politique-de-confidentialite\\\/#breadcrumb\"},\"inLanguage\":\"fr-FR\",\"potentialAction\":[{\"@type\":\"ReadAction\",\"target\":[\"https:\\\/\\\/www.bibeltage.net\\\/fr\\\/politique-de-confidentialite\\\/\"]}]},{\"@type\":\"BreadcrumbList\",\"@id\":\"https:\\\/\\\/www.bibeltage.net\\\/fr\\\/politique-de-confidentialite\\\/#breadcrumb\",\"itemListElement\":[{\"@type\":\"ListItem\",\"position\":1,\"name\":\"Home\",\"item\":\"https:\\\/\\\/www.bibeltage.net\\\/fr\\\/\"},{\"@type\":\"ListItem\",\"position\":2,\"name\":\"Politique de confidentialit\u00e9\"}]},{\"@type\":\"WebSite\",\"@id\":\"https:\\\/\\\/www.bibeltage.net\\\/#website\",\"url\":\"https:\\\/\\\/www.bibeltage.net\\\/\",\"name\":\"Journ\u00e9es Bibliques St. Vith\",\"description\":\"Gemeinsam im Glauben wachsen.\",\"publisher\":{\"@id\":\"https:\\\/\\\/www.bibeltage.net\\\/#organization\"},\"potentialAction\":[{\"@type\":\"SearchAction\",\"target\":{\"@type\":\"EntryPoint\",\"urlTemplate\":\"https:\\\/\\\/www.bibeltage.net\\\/?s={search_term_string}\"},\"query-input\":{\"@type\":\"PropertyValueSpecification\",\"valueRequired\":true,\"valueName\":\"search_term_string\"}}],\"inLanguage\":\"fr-FR\"},{\"@type\":\"Organization\",\"@id\":\"https:\\\/\\\/www.bibeltage.net\\\/#organization\",\"name\":\"Bibeltage St.Vith\",\"url\":\"https:\\\/\\\/www.bibeltage.net\\\/\",\"logo\":{\"@type\":\"ImageObject\",\"inLanguage\":\"fr-FR\",\"@id\":\"https:\\\/\\\/www.bibeltage.net\\\/#\\\/schema\\\/logo\\\/image\\\/\",\"url\":\"https:\\\/\\\/www.bibeltage.net\\\/wp-content\\\/uploads\\\/2019\\\/09\\\/signet-blau-1-e1568297353682.png\",\"contentUrl\":\"https:\\\/\\\/www.bibeltage.net\\\/wp-content\\\/uploads\\\/2019\\\/09\\\/signet-blau-1-e1568297353682.png\",\"width\":74,\"height\":71,\"caption\":\"Bibeltage St.Vith\"},\"image\":{\"@id\":\"https:\\\/\\\/www.bibeltage.net\\\/#\\\/schema\\\/logo\\\/image\\\/\"}}]}<\/script>\n<!-- \/ Yoast SEO plugin. -->","yoast_head_json":{"title":"Politique de confidentialit\u00e9 - Journ\u00e9es Bibliques St. Vith","robots":{"index":"index","follow":"follow","max-snippet":"max-snippet:-1","max-image-preview":"max-image-preview:large","max-video-preview":"max-video-preview:-1"},"canonical":"https:\/\/www.bibeltage.net\/fr\/politique-de-confidentialite\/","og_locale":"fr_FR","og_type":"article","og_title":"Politique de confidentialit\u00e9 - Journ\u00e9es Bibliques St. Vith","og_description":"Politique de confidentialit\u00e9 Responsable au sens des lois sur la protection des donn\u00e9es, en particulier le r\u00e8glement de base de l&rsquo;UE sur la protection des donn\u00e9es (DSGVO), est Luc Alt, Gerberstrasse 12, B &#8211; 4780 St. Vith Vos droits en tant que personne concern\u00e9e Vous pouvez exercer les droits suivants \u00e0 tout moment en contactant ... Lire plus","og_url":"https:\/\/www.bibeltage.net\/fr\/politique-de-confidentialite\/","og_site_name":"Journ\u00e9es Bibliques St. Vith","twitter_card":"summary_large_image","twitter_misc":{"Dur\u00e9e de lecture estim\u00e9e":"5 minutes"},"schema":{"@context":"https:\/\/schema.org","@graph":[{"@type":"WebPage","@id":"https:\/\/www.bibeltage.net\/fr\/politique-de-confidentialite\/","url":"https:\/\/www.bibeltage.net\/fr\/politique-de-confidentialite\/","name":"Politique de confidentialit\u00e9 - Journ\u00e9es Bibliques St. Vith","isPartOf":{"@id":"https:\/\/www.bibeltage.net\/#website"},"datePublished":"2020-02-03T12:50:51+00:00","breadcrumb":{"@id":"https:\/\/www.bibeltage.net\/fr\/politique-de-confidentialite\/#breadcrumb"},"inLanguage":"fr-FR","potentialAction":[{"@type":"ReadAction","target":["https:\/\/www.bibeltage.net\/fr\/politique-de-confidentialite\/"]}]},{"@type":"BreadcrumbList","@id":"https:\/\/www.bibeltage.net\/fr\/politique-de-confidentialite\/#breadcrumb","itemListElement":[{"@type":"ListItem","position":1,"name":"Home","item":"https:\/\/www.bibeltage.net\/fr\/"},{"@type":"ListItem","position":2,"name":"Politique de confidentialit\u00e9"}]},{"@type":"WebSite","@id":"https:\/\/www.bibeltage.net\/#website","url":"https:\/\/www.bibeltage.net\/","name":"Journ\u00e9es Bibliques St. Vith","description":"Gemeinsam im Glauben wachsen.","publisher":{"@id":"https:\/\/www.bibeltage.net\/#organization"},"potentialAction":[{"@type":"SearchAction","target":{"@type":"EntryPoint","urlTemplate":"https:\/\/www.bibeltage.net\/?s={search_term_string}"},"query-input":{"@type":"PropertyValueSpecification","valueRequired":true,"valueName":"search_term_string"}}],"inLanguage":"fr-FR"},{"@type":"Organization","@id":"https:\/\/www.bibeltage.net\/#organization","name":"Bibeltage St.Vith","url":"https:\/\/www.bibeltage.net\/","logo":{"@type":"ImageObject","inLanguage":"fr-FR","@id":"https:\/\/www.bibeltage.net\/#\/schema\/logo\/image\/","url":"https:\/\/www.bibeltage.net\/wp-content\/uploads\/2019\/09\/signet-blau-1-e1568297353682.png","contentUrl":"https:\/\/www.bibeltage.net\/wp-content\/uploads\/2019\/09\/signet-blau-1-e1568297353682.png","width":74,"height":71,"caption":"Bibeltage St.Vith"},"image":{"@id":"https:\/\/www.bibeltage.net\/#\/schema\/logo\/image\/"}}]}},"_links":{"self":[{"href":"https:\/\/www.bibeltage.net\/fr\/wp-json\/wp\/v2\/pages\/1673","targetHints":{"allow":["GET"]}}],"collection":[{"href":"https:\/\/www.bibeltage.net\/fr\/wp-json\/wp\/v2\/pages"}],"about":[{"href":"https:\/\/www.bibeltage.net\/fr\/wp-json\/wp\/v2\/types\/page"}],"author":[{"embeddable":true,"href":"https:\/\/www.bibeltage.net\/fr\/wp-json\/wp\/v2\/users\/1"}],"replies":[{"embeddable":true,"href":"https:\/\/www.bibeltage.net\/fr\/wp-json\/wp\/v2\/comments?post=1673"}],"version-history":[{"count":1,"href":"https:\/\/www.bibeltage.net\/fr\/wp-json\/wp\/v2\/pages\/1673\/revisions"}],"predecessor-version":[{"id":1674,"href":"https:\/\/www.bibeltage.net\/fr\/wp-json\/wp\/v2\/pages\/1673\/revisions\/1674"}],"wp:attachment":[{"href":"https:\/\/www.bibeltage.net\/fr\/wp-json\/wp\/v2\/media?parent=1673"}],"curies":[{"name":"wp","href":"https:\/\/api.w.org\/{rel}","templated":true}]}}